{"id":559,"date":"2023-01-30T16:31:13","date_gmt":"2023-01-30T16:31:13","guid":{"rendered":"http:\/\/susanadelasheras.com\/?page_id=559"},"modified":"2025-01-11T01:18:37","modified_gmt":"2025-01-11T01:18:37","slug":"talleres-cea","status":"publish","type":"page","link":"https:\/\/susanadelasheras.com\/index.php\/talleres-cea\/","title":{"rendered":"Talleres CEA"},"content":{"rendered":"\t\t<div data-elementor-type=\"wp-page\" data-elementor-id=\"559\" class=\"elementor elementor-559\">\n\t\t\t\t\t\t<section class=\"elementor-section elementor-top-section elementor-element elementor-element-d5f6bf4 elementor-section-boxed elementor-section-height-default elementor-section-height-default\" data-id=\"d5f6bf4\" data-element_type=\"section\">\n\t\t\t\t\t\t<div class=\"elementor-container elementor-column-gap-default\">\n\t\t\t\t\t<div class=\"elementor-column elementor-col-100 elementor-top-column elementor-element elementor-element-93adb6a\" data-id=\"93adb6a\" data-element_type=\"column\">\n\t\t\t<div class=\"elementor-widget-wrap elementor-element-populated\">\n\t\t\t\t\t\t<div class=\"elementor-element elementor-element-225ff18 elementor-hidden-tablet elementor-hidden-mobile elementor-widget elementor-widget-image\" data-id=\"225ff18\" data-element_type=\"widget\" data-widget_type=\"image.default\">\n\t\t\t\t<div class=\"elementor-widget-container\">\n\t\t\t\t\t\t\t\t\t\t\t\t\t\t\t<img fetchpriority=\"high\" decoding=\"async\" width=\"640\" height=\"360\" src=\"https:\/\/susanadelasheras.com\/wp-content\/uploads\/2025\/01\/CEA-Horizontal-1024x576.png\" class=\"attachment-large size-large wp-image-717\" alt=\"\" srcset=\"https:\/\/susanadelasheras.com\/wp-content\/uploads\/2025\/01\/CEA-Horizontal-1024x576.png 1024w, https:\/\/susanadelasheras.com\/wp-content\/uploads\/2025\/01\/CEA-Horizontal-300x169.png 300w, https:\/\/susanadelasheras.com\/wp-content\/uploads\/2025\/01\/CEA-Horizontal-768x432.png 768w, https:\/\/susanadelasheras.com\/wp-content\/uploads\/2025\/01\/CEA-Horizontal.png 1366w\" sizes=\"(max-width: 34.9rem) calc(100vw - 2rem), (max-width: 53rem) calc(8 * (100vw \/ 12)), (min-width: 53rem) calc(6 * (100vw \/ 12)), 100vw\" \/>\t\t\t\t\t\t\t\t\t\t\t\t\t\t\t<\/div>\n\t\t\t\t<\/div>\n\t\t\t\t\t<\/div>\n\t\t<\/div>\n\t\t\t\t\t<\/div>\n\t\t<\/section>\n\t\t\t\t<section class=\"elementor-section elementor-top-section elementor-element elementor-element-3e36a8a elementor-section-boxed elementor-section-height-default elementor-section-height-default\" data-id=\"3e36a8a\" data-element_type=\"section\">\n\t\t\t\t\t\t<div class=\"elementor-container elementor-column-gap-default\">\n\t\t\t\t\t<div class=\"elementor-column elementor-col-100 elementor-top-column elementor-element elementor-element-66eb8ba\" data-id=\"66eb8ba\" data-element_type=\"column\">\n\t\t\t<div class=\"elementor-widget-wrap elementor-element-populated\">\n\t\t\t\t\t\t<div class=\"elementor-element elementor-element-0003d02 elementor-hidden-desktop elementor-widget elementor-widget-image\" data-id=\"0003d02\" data-element_type=\"widget\" data-widget_type=\"image.default\">\n\t\t\t\t<div class=\"elementor-widget-container\">\n\t\t\t\t\t\t\t\t\t\t\t\t\t\t\t<img fetchpriority=\"high\" decoding=\"async\" width=\"640\" height=\"360\" src=\"https:\/\/susanadelasheras.com\/wp-content\/uploads\/2025\/01\/CEA-Horizontal-1024x576.png\" class=\"attachment-large size-large wp-image-717\" alt=\"\" srcset=\"https:\/\/susanadelasheras.com\/wp-content\/uploads\/2025\/01\/CEA-Horizontal-1024x576.png 1024w, https:\/\/susanadelasheras.com\/wp-content\/uploads\/2025\/01\/CEA-Horizontal-300x169.png 300w, https:\/\/susanadelasheras.com\/wp-content\/uploads\/2025\/01\/CEA-Horizontal-768x432.png 768w, https:\/\/susanadelasheras.com\/wp-content\/uploads\/2025\/01\/CEA-Horizontal.png 1366w\" sizes=\"(max-width: 34.9rem) calc(100vw - 2rem), (max-width: 53rem) calc(8 * (100vw \/ 12)), (min-width: 53rem) calc(6 * (100vw \/ 12)), 100vw\" \/>\t\t\t\t\t\t\t\t\t\t\t\t\t\t\t<\/div>\n\t\t\t\t<\/div>\n\t\t\t\t\t<\/div>\n\t\t<\/div>\n\t\t\t\t\t<\/div>\n\t\t<\/section>\n\t\t\t\t<section class=\"elementor-section elementor-top-section elementor-element elementor-element-a5deb29 elementor-section-boxed elementor-section-height-default elementor-section-height-default\" data-id=\"a5deb29\" data-element_type=\"section\">\n\t\t\t\t\t\t<div class=\"elementor-container elementor-column-gap-default\">\n\t\t\t\t\t<div class=\"elementor-column elementor-col-100 elementor-top-column elementor-element elementor-element-1b511bb\" data-id=\"1b511bb\" data-element_type=\"column\">\n\t\t\t<div class=\"elementor-widget-wrap elementor-element-populated\">\n\t\t\t\t\t\t<div class=\"elementor-element elementor-element-67d8fd1 elementor-widget elementor-widget-text-editor\" data-id=\"67d8fd1\" data-element_type=\"widget\" data-widget_type=\"text-editor.default\">\n\t\t\t\t<div class=\"elementor-widget-container\">\n\t\t\t\t\t\t\t\t\t<h1>Conocerme es amarme sanando a mi ni\u00f1a interior.\u00a0<\/h1><h3>Basado en el programa de lynn lott<\/h3><p>Sanando tu ni\u00f1a interior es un taller de 12 horas de duraci\u00f3n, 8 semanas de actividades interactivas, de forma individual o en discusiones grupales. Trabajando a trav\u00e9s de la teor\u00eda y la pr\u00e1ctica, aprenderemos a reconocer y regular emociones, saliendo de nuestra zona de confort, cambiando antiguos patrones, ideas err\u00f3neas y creencias inadecuadas que nos ayudar\u00e1n a manejar una mejor relaci\u00f3n con mayor conciencia de nosotros mismos.\u00a0<\/p><p>Esto nos permitira<\/p><ul><li aria-level=\"1\">Acoger y comprender a nuestro ni\u00f1o interior para poder avanzar.\u00a0<\/li><li aria-level=\"1\">Identificar pensamientos desalentadores y aprender a cambiarlos. Hacernos conscientes de c\u00f3mo nuestro patrones de crianza van a determinar nuestro comportamiento y decisiones de adulto, sin castigarnos por ello.<\/li><li aria-level=\"1\">Evitar la repetici\u00f3n de los errores para ir sanando nuestras heridas.\u00a0<\/li><li aria-level=\"1\">Expresar adecuadamente\u00a0 nuestras emociones.\u00a0\u00a0<\/li><li aria-level=\"1\">La certificaci\u00f3n de Encouragement Consultant es la que nos permite implementar este curso a trav\u00e9s de conceptos como aliento, \u00e1nimo, lo que sale del coraz\u00f3n, con coraje y valent\u00eda.Un soplo de vida, que nos lleva a la impetuosa decisi\u00f3n y el esfuerzo de \u00e1nimo y el valor.\u00a0<\/li><\/ul><p>NOS LLEVAREMOS:<\/p><ul><li aria-level=\"1\">La consecuci\u00f3n de objetivos paso a paso que tanto se nos ha dificultado.<\/li><li aria-level=\"1\">Conseguir el cambio de una manera m\u00e1s fluida, sabiendo pasar de la polaridad, del odio al amor, del des\u00e1nimo al \u00e1nimo.<\/li><li aria-level=\"1\">Tomar decisiones de forma m\u00e1s consciente, donde integraremos pensamientos y emociones.\u00a0<\/li><li aria-level=\"1\">Trabajar en nuestra autoaceptaci\u00f3n, soltando las creencias de la ni\u00f1ez, que no nos han servido.\u00a0<\/li><li aria-level=\"1\">Identificar el origen de estas creencias, para elaborar unas nuevas, que nos permitan desarrollarnos adecuada y exitosamente, en todas las \u00e1reas de nuestra vida, familiar, laboral, de pareja.\u00a0<\/li><li aria-level=\"1\">Ser conscientes de lo que obstaculiza nuestra alegr\u00eda y felicidad en la vida y afecta nuestra autoestima natural.\u00a0<\/li><\/ul><h2>TALLER GRUPAL<\/h2><h4>DURACI\u00d3N: 8 SEMANAS (incluye 1 masterclass)<\/h4><h4>HORARIO: 5.30 AM 8.00 PM (Se especificara el d\u00eda de la semana)<\/h4><h4>\u00a0<\/h4>\t\t\t\t\t\t\t\t<\/div>\n\t\t\t\t<\/div>\n\t\t\t\t\t<\/div>\n\t\t<\/div>\n\t\t\t\t\t<\/div>\n\t\t<\/section>\n\t\t\t\t<section class=\"elementor-section elementor-top-section elementor-element elementor-element-842a916 elementor-section-boxed elementor-section-height-default elementor-section-height-default\" data-id=\"842a916\" data-element_type=\"section\">\n\t\t\t\t\t\t<div class=\"elementor-container elementor-column-gap-default\">\n\t\t\t\t\t<div class=\"elementor-column elementor-col-100 elementor-top-column elementor-element elementor-element-ea05596\" data-id=\"ea05596\" data-element_type=\"column\">\n\t\t\t<div class=\"elementor-widget-wrap elementor-element-populated\">\n\t\t\t\t\t\t<div class=\"elementor-element elementor-element-aeeef44 elementor-widget elementor-widget-video\" data-id=\"aeeef44\" data-element_type=\"widget\" data-settings=\"{&quot;youtube_url&quot;:&quot;https:\\\/\\\/youtu.be\\\/_DDcvvKPpWE&quot;,&quot;video_type&quot;:&quot;youtube&quot;,&quot;controls&quot;:&quot;yes&quot;}\" data-widget_type=\"video.default\">\n\t\t\t\t<div class=\"elementor-widget-container\">\n\t\t\t\t\t\t\t<div class=\"elementor-wrapper elementor-open-inline\">\n\t\t\t<div class=\"elementor-video\"><\/div>\t\t<\/div>\n\t\t\t\t\t\t<\/div>\n\t\t\t\t<\/div>\n\t\t\t\t\t<\/div>\n\t\t<\/div>\n\t\t\t\t\t<\/div>\n\t\t<\/section>\n\t\t\t\t<\/div>\n\t\t","protected":false},"excerpt":{"rendered":"<p>Conocerme es amarme sanando a mi ni\u00f1a interior.\u00a0 Basado en el programa de lynn lott Sanando tu ni\u00f1a interior es un taller de 12 horas de duraci\u00f3n, 8 semanas de actividades interactivas, de forma individual o en discusiones grupales. Trabajando a trav\u00e9s de la teor\u00eda y la pr\u00e1ctica, aprenderemos a reconocer y regular emociones, saliendo &hellip; <\/p>\n<p class=\"link-more\"><a href=\"https:\/\/susanadelasheras.com\/index.php\/talleres-cea\/\" class=\"more-link\">Continue reading<span class=\"screen-reader-text\"> &#8220;Talleres CEA&#8221;<\/span><\/a><\/p>\n","protected":false},"author":1,"featured_media":0,"parent":0,"menu_order":0,"comment_status":"closed","ping_status":"closed","template":"","meta":{"om_disable_all_campaigns":false,"_monsterinsights_skip_tracking":false,"_monsterinsights_sitenote_active":false,"_monsterinsights_sitenote_note":"","_monsterinsights_sitenote_category":0,"footnotes":""},"class_list":["post-559","page","type-page","status-publish","hentry","entry"],"_links":{"self":[{"href":"https:\/\/susanadelasheras.com\/index.php\/wp-json\/wp\/v2\/pages\/559","targetHints":{"allow":["GET"]}}],"collection":[{"href":"https:\/\/susanadelasheras.com\/index.php\/wp-json\/wp\/v2\/pages"}],"about":[{"href":"https:\/\/susanadelasheras.com\/index.php\/wp-json\/wp\/v2\/types\/page"}],"author":[{"embeddable":true,"href":"https:\/\/susanadelasheras.com\/index.php\/wp-json\/wp\/v2\/users\/1"}],"replies":[{"embeddable":true,"href":"https:\/\/susanadelasheras.com\/index.php\/wp-json\/wp\/v2\/comments?post=559"}],"version-history":[{"count":22,"href":"https:\/\/susanadelasheras.com\/index.php\/wp-json\/wp\/v2\/pages\/559\/revisions"}],"predecessor-version":[{"id":726,"href":"https:\/\/susanadelasheras.com\/index.php\/wp-json\/wp\/v2\/pages\/559\/revisions\/726"}],"wp:attachment":[{"href":"https:\/\/susanadelasheras.com\/index.php\/wp-json\/wp\/v2\/media?parent=559"}],"curies":[{"name":"wp","href":"https:\/\/api.w.org\/{rel}","templated":true}]}}